{"id":1121,"date":"2021-12-11T23:12:10","date_gmt":"2021-12-11T23:12:10","guid":{"rendered":"http:\/\/geolamcr.com\/?page_id=1121"},"modified":"2022-02-16T23:28:15","modified_gmt":"2022-02-16T23:28:15","slug":"servicios","status":"publish","type":"page","link":"https:\/\/geolamcr.com\/en\/servicios\/","title":{"rendered":"Servicios"},"content":{"rendered":"<div class=\"wp-block-themeisle-blocks-advanced-columns alignfull has-1-columns has-desktop-equal-layout has-tablet-equal-layout has-mobile-equal-layout has-nogap-gap has-vertical-center\" id=\"wp-block-themeisle-blocks-advanced-columns-af1635f9\"><div class=\"wp-block-themeisle-blocks-advanced-columns-overlay\"><\/div><div class=\"innerblocks-wrap\">\n<div class=\"wp-block-themeisle-blocks-advanced-column\" id=\"wp-block-themeisle-blocks-advanced-column-afacdff0\">\n<div class=\"wp-block-image\"><figure class=\"aligncenter size-large is-resized\"><img decoding=\"async\" src=\"data:image\/gif;base64,R0lGODlhAQABAIAAAAAAAP\/\/\/yH5BAEAAAAALAAAAAABAAEAAAIBRAA7\" data-src=\"https:\/\/geolamcr.com\/wp-content\/uploads\/2021\/12\/Geolam-Blanco-1024x1024.png\" alt=\"\" class=\"wp-image-866 lazyload\" width=\"160\" height=\"160\"\/><noscript><img decoding=\"async\" src=\"https:\/\/geolamcr.com\/wp-content\/uploads\/2021\/12\/Geolam-Blanco-1024x1024.png\" alt=\"\" class=\"wp-image-866 lazyload\" width=\"160\" height=\"160\" srcset=\"https:\/\/geolamcr.com\/wp-content\/uploads\/2021\/12\/Geolam-Blanco-1024x1024.png 1024w, https:\/\/geolamcr.com\/wp-content\/uploads\/2021\/12\/Geolam-Blanco-300x300.png 300w, https:\/\/geolamcr.com\/wp-content\/uploads\/2021\/12\/Geolam-Blanco-150x150.png 150w, https:\/\/geolamcr.com\/wp-content\/uploads\/2021\/12\/Geolam-Blanco-768x768.png 768w, https:\/\/geolamcr.com\/wp-content\/uploads\/2021\/12\/Geolam-Blanco-1536x1536.png 1536w, https:\/\/geolamcr.com\/wp-content\/uploads\/2021\/12\/Geolam-Blanco-12x12.png 12w, https:\/\/geolamcr.com\/wp-content\/uploads\/2021\/12\/Geolam-Blanco-600x600.png 600w, https:\/\/geolamcr.com\/wp-content\/uploads\/2021\/12\/Geolam-Blanco-100x100.png 100w, https:\/\/geolamcr.com\/wp-content\/uploads\/2021\/12\/Geolam-Blanco.png 1920w\" sizes=\"(max-width: 160px) 100vw, 160px\" \/><\/noscript><figcaption><mark style=\"background-color:rgba(0, 0, 0, 0)\" class=\"has-inline-color has-nv-site-bg-color\"><strong>NUESTROS SERVICIOS<\/strong><\/mark><\/figcaption><\/figure><\/div>\n\n\n\n<h1 id=\"wp-block-themeisle-blocks-advanced-heading-a475539e\" class=\"wp-block-themeisle-blocks-advanced-heading wp-block-themeisle-blocks-advanced-heading-a475539e\">Ponemos a disposici\u00f3n nuestros conocimientos en temas de geolog\u00eda aplicados a sus proyectos para una mejor planificaci\u00f3n, tomando en cuenta el impacto ambiental que pueda generarse y modelando una mejor estrategia que proteja y mejore el aprovechamiento de los recursos naturales. Le orientamos en los siguientes estudios y tramites ante entes p\u00fablicos:<\/h1>\n<\/div>\n<\/div><\/div>\n\n\n\n<div class=\"wp-block-themeisle-blocks-advanced-columns has-2-columns has-desktop-equal-layout has-tablet-collapsedRows-layout has-mobile-collapsedRows-layout has-nogap-gap has-vertical-center\" id=\"about\"><div class=\"wp-block-themeisle-blocks-advanced-columns-overlay\"><\/div><div class=\"innerblocks-wrap\">\n<div class=\"wp-block-themeisle-blocks-advanced-column\" id=\"wp-block-themeisle-blocks-advanced-column-74ac39ec\">\n<div class=\"wp-block-themeisle-blocks-advanced-columns has-1-columns has-desktop-equal-layout hide-in-tablet hide-in-mobile has-default-gap has-vertical-unset\" id=\"wp-block-themeisle-blocks-advanced-columns-3bc3d864\"><div class=\"wp-block-themeisle-blocks-advanced-columns-overlay\"><\/div><div class=\"innerblocks-wrap\">\n<div class=\"wp-block-themeisle-blocks-advanced-column\" id=\"wp-block-themeisle-blocks-advanced-column-3ac7b322\">\n<div class=\"wp-block-image\"><figure class=\"aligncenter size-full is-resized\"><img fetchpriority=\"high\" decoding=\"async\" src=\"data:image\/gif;base64,R0lGODlhAQABAIAAAAAAAP\/\/\/yH5BAEAAAAALAAAAAABAAEAAAIBRAA7\" data-src=\"https:\/\/geolamcr.com\/wp-content\/uploads\/2021\/12\/agua-bajos_toro_amarillo-catarata_gemelas-tec-2.jpg\" alt=\"\" class=\"wp-image-1142 lazyload\" width=\"802\" height=\"1014\"\/><noscript><img loading=\"lazy\" decoding=\"async\" src=\"https:\/\/geolamcr.com\/wp-content\/uploads\/2021\/12\/agua-bajos_toro_amarillo-catarata_gemelas-tec-2.jpg\" alt=\"\" class=\"wp-image-1142 lazyload\" width=\"802\" height=\"1014\" srcset=\"https:\/\/geolamcr.com\/wp-content\/uploads\/2021\/12\/agua-bajos_toro_amarillo-catarata_gemelas-tec-2-237x300.jpg 237w, https:\/\/geolamcr.com\/wp-content\/uploads\/2021\/12\/agua-bajos_toro_amarillo-catarata_gemelas-tec-2-9x12.jpg 9w, https:\/\/geolamcr.com\/wp-content\/uploads\/2021\/12\/agua-bajos_toro_amarillo-catarata_gemelas-tec-2-600x760.jpg 600w\" sizes=\"(max-width: 802px) 100vw, 802px\" \/><\/noscript><\/figure><\/div>\n<\/div>\n<\/div><\/div>\n<\/div>\n\n\n\n<div class=\"wp-block-themeisle-blocks-advanced-column about-content animated fadeInRight slow\" id=\"wp-block-themeisle-blocks-advanced-column-6782e6de\">\n<h2 class=\"has-text-align-left ticss-51288306 wp-block-heading\" id=\"geologia-ambiental\">Geolog\u00eda Ambiental<\/h2>\n\n\n\n<ol class=\"wp-block-list\"><li>Concesiones para aprovechamiento de aguas superficial (r\u00edos y nacientes) para actividades agr\u00edcolas y ganaderas, entre otros.<\/li><li>Tr\u00e1mites para viabilidad ambiental para proyectos constructivos, tur\u00edsticos (D1, D2, PGA).<\/li><li>Aseror\u00eda, preparaci\u00f3n, entrega y seguimiento de documentaci\u00f3n ante SETENA, Direcci\u00f3n de Aguas (DA), SENARA, Direcci\u00f3n de Geolog\u00eda y Minas (DGM).<\/li><li>An\u00e1lisis de disponibilidad h\u00eddrica<\/li><li>Estudios de Impacto Ambiental (EsIA)<\/li><li>Permisos de perforaci\u00f3n de pozos de agua.<\/li><li>Regencias ambientales y geol\u00f3gicas de proyectos.<\/li><li>Inscripci\u00f3n de pozos artesanales<\/li><li>Caracterizaci\u00f3n de fuentes de aguas<\/li><li>\u00cdndices de Fragilidad Ambiental<\/li><\/ol>\n<\/div>\n<\/div><\/div>\n\n\n\n<div class=\"wp-block-themeisle-blocks-advanced-columns has-2-columns has-desktop-equal-layout has-tablet-collapsedRows-layout has-mobile-collapsedRows-layout has-nogap-gap has-vertical-center\" id=\"wp-block-themeisle-blocks-advanced-columns-a42c0bcc\"><div class=\"wp-block-themeisle-blocks-advanced-columns-overlay\"><\/div><div class=\"innerblocks-wrap\">\n<div class=\"wp-block-themeisle-blocks-advanced-column\" id=\"wp-block-themeisle-blocks-advanced-column-9094d075\">\n<div class=\"wp-block-themeisle-blocks-advanced-columns has-1-columns has-desktop-equal-layout hide-in-tablet hide-in-mobile has-default-gap has-vertical-unset\" id=\"wp-block-themeisle-blocks-advanced-columns-59a6a5f8\"><div class=\"wp-block-themeisle-blocks-advanced-columns-overlay\"><\/div><div class=\"innerblocks-wrap\">\n<div class=\"wp-block-themeisle-blocks-advanced-column\" id=\"wp-block-themeisle-blocks-advanced-column-457871c7\">\n<div class=\"wp-block-image\"><figure class=\"aligncenter size-large is-resized\"><img loading=\"lazy\" decoding=\"async\" src=\"data:image\/gif;base64,R0lGODlhAQABAIAAAAAAAP\/\/\/yH5BAEAAAAALAAAAAABAAEAAAIBRAA7\" data-src=\"https:\/\/geolamcr.com\/wp-content\/uploads\/2021\/12\/img_1301-copia1-edited-769x1024.jpg\" alt=\"\" class=\"wp-image-1160 lazyload\" width=\"947\" height=\"1070\"\/><noscript><img loading=\"lazy\" decoding=\"async\" src=\"https:\/\/geolamcr.com\/wp-content\/uploads\/2021\/12\/img_1301-copia1-edited-769x1024.jpg\" alt=\"\" class=\"wp-image-1160 lazyload\" width=\"947\" height=\"1070\"\/><\/noscript><\/figure><\/div>\n<\/div>\n<\/div><\/div>\n<\/div>\n\n\n\n<div class=\"wp-block-themeisle-blocks-advanced-column about-content animated fadeInRight slow\" id=\"wp-block-themeisle-blocks-advanced-column-87e33d1a\">\n<h2 class=\"has-text-align-left ticss-81f4cf91 wp-block-heading\" id=\"geologia\">Geolog\u00eda<\/h2>\n\n\n\n<ol class=\"wp-block-list\"><li>Mapeo geol\u00f3gico a gran escala y detallado.<\/li><li>Protocolo geolog\u00eda b\u00e1sica para viabilidades ambientales.<\/li><li>Geomorfolog\u00eda<\/li><li>An\u00e1lisis de riesgos geol\u00f3gicos (deslizamiento, fallas, amenaza s\u00edsmica, erosi\u00f3n e inundaciones)<\/li><li>Protocolo amenazas naturales para viabilidades ambientales.<\/li><\/ol>\n<\/div>\n<\/div><\/div>\n\n\n\n<div class=\"wp-block-themeisle-blocks-advanced-columns has-2-columns has-desktop-equal-layout has-tablet-collapsedRows-layout has-mobile-collapsedRows-layout has-nogap-gap has-vertical-center\" id=\"wp-block-themeisle-blocks-advanced-columns-64f6f1d4\"><div class=\"wp-block-themeisle-blocks-advanced-columns-overlay\"><\/div><div class=\"innerblocks-wrap\">\n<div class=\"wp-block-themeisle-blocks-advanced-column\" id=\"wp-block-themeisle-blocks-advanced-column-fe0f58ad\">\n<div class=\"wp-block-themeisle-blocks-advanced-columns has-1-columns has-desktop-equal-layout hide-in-tablet hide-in-mobile has-default-gap has-vertical-unset\" id=\"wp-block-themeisle-blocks-advanced-columns-48fb1434\"><div class=\"wp-block-themeisle-blocks-advanced-columns-overlay\"><\/div><div class=\"innerblocks-wrap\">\n<div class=\"wp-block-themeisle-blocks-advanced-column\" id=\"wp-block-themeisle-blocks-advanced-column-b05e9ef4\">\n<div class=\"wp-block-image\"><figure class=\"aligncenter size-large is-resized\"><img loading=\"lazy\" decoding=\"async\" src=\"data:image\/gif;base64,R0lGODlhAQABAIAAAAAAAP\/\/\/yH5BAEAAAAALAAAAAABAAEAAAIBRAA7\" data-src=\"https:\/\/geolamcr.com\/wp-content\/uploads\/2021\/12\/elijah-hiett-xRr9Lz3xfYs-unsplash-2-edited-769x1024.jpg\" alt=\"\" class=\"wp-image-1153 lazyload\" width=\"803\" height=\"1070\"\/><noscript><img loading=\"lazy\" decoding=\"async\" src=\"https:\/\/geolamcr.com\/wp-content\/uploads\/2021\/12\/elijah-hiett-xRr9Lz3xfYs-unsplash-2-edited-769x1024.jpg\" alt=\"\" class=\"wp-image-1153 lazyload\" width=\"803\" height=\"1070\" srcset=\"https:\/\/geolamcr.com\/wp-content\/uploads\/2021\/12\/elijah-hiett-xRr9Lz3xfYs-unsplash-2-edited-769x1024.jpg 769w, https:\/\/geolamcr.com\/wp-content\/uploads\/2021\/12\/elijah-hiett-xRr9Lz3xfYs-unsplash-2-edited-225x300.jpg 225w, https:\/\/geolamcr.com\/wp-content\/uploads\/2021\/12\/elijah-hiett-xRr9Lz3xfYs-unsplash-2-edited-768x1023.jpg 768w, https:\/\/geolamcr.com\/wp-content\/uploads\/2021\/12\/elijah-hiett-xRr9Lz3xfYs-unsplash-2-edited-300x400.jpg 300w, https:\/\/geolamcr.com\/wp-content\/uploads\/2021\/12\/elijah-hiett-xRr9Lz3xfYs-unsplash-2-edited-1154x1536.jpg 1154w, https:\/\/geolamcr.com\/wp-content\/uploads\/2021\/12\/elijah-hiett-xRr9Lz3xfYs-unsplash-2-edited-1538x2048.jpg 1538w, https:\/\/geolamcr.com\/wp-content\/uploads\/2021\/12\/elijah-hiett-xRr9Lz3xfYs-unsplash-2-edited-9x12.jpg 9w, https:\/\/geolamcr.com\/wp-content\/uploads\/2021\/12\/elijah-hiett-xRr9Lz3xfYs-unsplash-2-edited-600x799.jpg 600w, https:\/\/geolamcr.com\/wp-content\/uploads\/2021\/12\/elijah-hiett-xRr9Lz3xfYs-unsplash-2-edited.jpg 1918w\" sizes=\"(max-width: 803px) 100vw, 803px\" \/><\/noscript><\/figure><\/div>\n<\/div>\n<\/div><\/div>\n<\/div>\n\n\n\n<div class=\"wp-block-themeisle-blocks-advanced-column about-content animated fadeInRight slow\" id=\"wp-block-themeisle-blocks-advanced-column-81571443\">\n<h2 class=\"has-text-align-left ticss-6bfe823a wp-block-heading\" id=\"hidrogeologia\">Hidrogeolog\u00eda<\/h2>\n\n\n\n<ol class=\"wp-block-list\"><li>Aforo de r\u00edos y nacientes. Estudios hidrogeol\u00f3gicos<\/li><li>Evaluaci\u00f3n del potencial hidrogeol\u00f3gico.<\/li><li>Caracterizaci\u00f3n y delimitaci\u00f3n de cuerpos de agua superficial.<\/li><li>Pruebas de bombeo.<\/li><li>Pruebas de infiltraci\u00f3n.<\/li><li>Estudios hidrogeol\u00f3gicos<\/li><li>Estudio de tr\u00e1nsito de contaminantes.<\/li><li>Mapeo hidrogeol\u00f3gico (nacientes, captaciones y r\u00edos).<\/li><li>Supervisi\u00f3n de perforaci\u00f3n de pozos y regencias hidrogeol\u00f3gicas.<\/li><li>Estudio de interferencia de fuentes.<\/li><li>Estudio de vulnerabilidad a la contaminaci\u00f3n de acu\u00edferos.<\/li><\/ol>\n<\/div>\n<\/div><\/div>\n\n\n\n<div class=\"wp-block-themeisle-blocks-advanced-columns has-2-columns has-desktop-equal-layout has-tablet-collapsedRows-layout has-mobile-collapsedRows-layout has-nogap-gap has-vertical-center\" id=\"wp-block-themeisle-blocks-advanced-columns-46492c5b\"><div class=\"wp-block-themeisle-blocks-advanced-columns-overlay\"><\/div><div class=\"innerblocks-wrap\">\n<div class=\"wp-block-themeisle-blocks-advanced-column\" id=\"wp-block-themeisle-blocks-advanced-column-79109544\">\n<div class=\"wp-block-themeisle-blocks-advanced-columns has-1-columns has-desktop-equal-layout hide-in-tablet hide-in-mobile has-default-gap has-vertical-unset\" id=\"wp-block-themeisle-blocks-advanced-columns-d02b28e7\"><div class=\"wp-block-themeisle-blocks-advanced-columns-overlay\"><\/div><div class=\"innerblocks-wrap\">\n<div class=\"wp-block-themeisle-blocks-advanced-column\" id=\"wp-block-themeisle-blocks-advanced-column-ea952718\">\n<div class=\"wp-block-image\"><figure class=\"aligncenter size-large is-resized\"><img loading=\"lazy\" decoding=\"async\" src=\"data:image\/gif;base64,R0lGODlhAQABAIAAAAAAAP\/\/\/yH5BAEAAAAALAAAAAABAAEAAAIBRAA7\" data-src=\"https:\/\/geolamcr.com\/wp-content\/uploads\/2022\/01\/WhatsApp-Image-2022-01-07-at-5.20.34-PM-1024x965.jpeg\" alt=\"\" class=\"wp-image-1291 lazyload\" width=\"424\" height=\"400\"\/><noscript><img loading=\"lazy\" decoding=\"async\" src=\"https:\/\/geolamcr.com\/wp-content\/uploads\/2022\/01\/WhatsApp-Image-2022-01-07-at-5.20.34-PM-1024x965.jpeg\" alt=\"\" class=\"wp-image-1291 lazyload\" width=\"424\" height=\"400\" srcset=\"https:\/\/geolamcr.com\/wp-content\/uploads\/2022\/01\/WhatsApp-Image-2022-01-07-at-5.20.34-PM-1024x965.jpeg 1024w, https:\/\/geolamcr.com\/wp-content\/uploads\/2022\/01\/WhatsApp-Image-2022-01-07-at-5.20.34-PM-300x283.jpeg 300w, https:\/\/geolamcr.com\/wp-content\/uploads\/2022\/01\/WhatsApp-Image-2022-01-07-at-5.20.34-PM-768x724.jpeg 768w, https:\/\/geolamcr.com\/wp-content\/uploads\/2022\/01\/WhatsApp-Image-2022-01-07-at-5.20.34-PM-13x12.jpeg 13w, https:\/\/geolamcr.com\/wp-content\/uploads\/2022\/01\/WhatsApp-Image-2022-01-07-at-5.20.34-PM-600x566.jpeg 600w, https:\/\/geolamcr.com\/wp-content\/uploads\/2022\/01\/WhatsApp-Image-2022-01-07-at-5.20.34-PM.jpeg 1080w\" sizes=\"(max-width: 424px) 100vw, 424px\" \/><\/noscript><\/figure><\/div>\n<\/div>\n<\/div><\/div>\n<\/div>\n\n\n\n<div class=\"wp-block-themeisle-blocks-advanced-column about-content animated fadeInRight slow\" id=\"wp-block-themeisle-blocks-advanced-column-48adbf30\">\n<h2 class=\"has-text-align-left ticss-522ed529 wp-block-heading\" id=\"mineria\">Miner\u00eda<\/h2>\n\n\n\n<ol class=\"wp-block-list\"><li>Solicitud de permisos de exploraci\u00f3n minera (tajos, cauces de dominio p\u00fablico y miner\u00eda artesanal)<\/li><li>Solicitud de concesiones de explotaci\u00f3n minera (tajos, cauces de dominio p\u00fablico y miner\u00eda artesanal)<\/li><li>Estimaci\u00f3n de reservas potenciales.<\/li><li>Regencias mineras.<\/li><\/ol>\n<\/div>\n<\/div><\/div>\n\n\n\n<div class=\"wp-block-image is-style-default\"><figure class=\"aligncenter size-large is-resized\"><img loading=\"lazy\" decoding=\"async\" src=\"data:image\/gif;base64,R0lGODlhAQABAIAAAAAAAP\/\/\/yH5BAEAAAAALAAAAAABAAEAAAIBRAA7\" data-src=\"https:\/\/geolamcr.com\/wp-content\/uploads\/2021\/12\/Geolam-1024x1024.png\" alt=\"\" class=\"wp-image-835 lazyload\" width=\"100\" height=\"100\"\/><noscript><img loading=\"lazy\" decoding=\"async\" src=\"https:\/\/geolamcr.com\/wp-content\/uploads\/2021\/12\/Geolam-1024x1024.png\" alt=\"\" class=\"wp-image-835 lazyload\" width=\"100\" height=\"100\" srcset=\"https:\/\/geolamcr.com\/wp-content\/uploads\/2021\/12\/Geolam-1024x1024.png 1024w, https:\/\/geolamcr.com\/wp-content\/uploads\/2021\/12\/Geolam-300x300.png 300w, https:\/\/geolamcr.com\/wp-content\/uploads\/2021\/12\/Geolam-150x150.png 150w, https:\/\/geolamcr.com\/wp-content\/uploads\/2021\/12\/Geolam-768x768.png 768w, https:\/\/geolamcr.com\/wp-content\/uploads\/2021\/12\/Geolam-1536x1536.png 1536w, https:\/\/geolamcr.com\/wp-content\/uploads\/2021\/12\/Geolam-12x12.png 12w, https:\/\/geolamcr.com\/wp-content\/uploads\/2021\/12\/Geolam-600x600.png 600w, https:\/\/geolamcr.com\/wp-content\/uploads\/2021\/12\/Geolam-100x100.png 100w, https:\/\/geolamcr.com\/wp-content\/uploads\/2021\/12\/Geolam.png 1920w\" sizes=\"(max-width: 100px) 100vw, 100px\" \/><\/noscript><\/figure><\/div>\n\n\n\n<hr class=\"wp-block-separator has-text-color has-background has-nv-site-bg-background-color has-nv-site-bg-color is-style-dots\"\/>","protected":false},"excerpt":{"rendered":"","protected":false},"author":1,"featured_media":0,"parent":0,"menu_order":0,"comment_status":"closed","ping_status":"closed","template":"page-templates\/template-pagebuilder-full-width.php","meta":{"content-type":"","om_disable_all_campaigns":false,"_mi_skip_tracking":false,"neve_meta_sidebar":"full-width","neve_meta_container":"full-width","neve_meta_enable_content_width":"off","neve_meta_content_width":0,"neve_meta_title_alignment":"","neve_meta_author_avatar":"","neve_post_elements_order":"","neve_meta_disable_header":"","neve_meta_disable_footer":"","neve_meta_disable_title":"on","_themeisle_gutenberg_block_has_review":false,"_ti_tpc_template_sync":false,"_ti_tpc_template_id":"8q0u99m9z4hq6emc0s6a","footnotes":""},"class_list":["post-1121","page","type-page","status-publish","hentry"],"aioseo_notices":[],"_links":{"self":[{"href":"https:\/\/geolamcr.com\/en\/wp-json\/wp\/v2\/pages\/1121","targetHints":{"allow":["GET"]}}],"collection":[{"href":"https:\/\/geolamcr.com\/en\/wp-json\/wp\/v2\/pages"}],"about":[{"href":"https:\/\/geolamcr.com\/en\/wp-json\/wp\/v2\/types\/page"}],"author":[{"embeddable":true,"href":"https:\/\/geolamcr.com\/en\/wp-json\/wp\/v2\/users\/1"}],"replies":[{"embeddable":true,"href":"https:\/\/geolamcr.com\/en\/wp-json\/wp\/v2\/comments?post=1121"}],"version-history":[{"count":53,"href":"https:\/\/geolamcr.com\/en\/wp-json\/wp\/v2\/pages\/1121\/revisions"}],"predecessor-version":[{"id":1463,"href":"https:\/\/geolamcr.com\/en\/wp-json\/wp\/v2\/pages\/1121\/revisions\/1463"}],"wp:attachment":[{"href":"https:\/\/geolamcr.com\/en\/wp-json\/wp\/v2\/media?parent=1121"}],"curies":[{"name":"wp","href":"https:\/\/api.w.org\/{rel}","templated":true}]}}