{"id":1212,"date":"2021-12-12T02:19:56","date_gmt":"2021-12-12T02:19:56","guid":{"rendered":"http:\/\/geolamcr.com\/?page_id=1212"},"modified":"2022-02-17T00:49:23","modified_gmt":"2022-02-17T00:49:23","slug":"nuestro-equipo","status":"publish","type":"page","link":"https:\/\/geolamcr.com\/en\/nuestro-equipo\/","title":{"rendered":"Nuestro Equipo"},"content":{"rendered":"<p><\/p>\n\n\n<section class=\"wp-block-themeisle-blocks-advanced-columns alignfull has-1-columns has-desktop-equal-layout has-tablet-equal-layout has-mobile-equal-layout has-nogap-gap has-vertical-flex-start\" id=\"wp-block-themeisle-blocks-advanced-columns-cf464273\"><div class=\"wp-block-themeisle-blocks-advanced-columns-overlay\"><\/div><div class=\"innerblocks-wrap\">\n<div class=\"wp-block-themeisle-blocks-advanced-column\" id=\"wp-block-themeisle-blocks-advanced-column-091be23e\">\n<section class=\"wp-block-themeisle-blocks-advanced-columns alignfull has-1-columns has-desktop-equal-layout has-tablet-equal-layout has-mobile-equal-layout has-nogap-gap has-vertical-center\" id=\"wp-block-themeisle-blocks-advanced-columns-7fed9644\"><div class=\"wp-block-themeisle-blocks-advanced-columns-overlay\"><\/div><div class=\"innerblocks-wrap\">\n<div class=\"wp-block-themeisle-blocks-advanced-column\" id=\"wp-block-themeisle-blocks-advanced-column-77b97cc2\">\n<div class=\"wp-block-image is-style-default\"><figure class=\"aligncenter size-large is-resized\"><img fetchpriority=\"high\" decoding=\"async\" src=\"data:image\/gif;base64,R0lGODlhAQABAIAAAAAAAP\/\/\/yH5BAEAAAAALAAAAAABAAEAAAIBRAA7\" data-src=\"https:\/\/geolamcr.com\/wp-content\/uploads\/2021\/12\/Geolam-Blanco-1024x1024.png\" alt=\"\" class=\"wp-image-866 lazyload\" width=\"257\" height=\"257\"\/><noscript><img decoding=\"async\" src=\"https:\/\/geolamcr.com\/wp-content\/uploads\/2021\/12\/Geolam-Blanco-1024x1024.png\" alt=\"\" class=\"wp-image-866 lazyload\" width=\"257\" height=\"257\" srcset=\"https:\/\/geolamcr.com\/wp-content\/uploads\/2021\/12\/Geolam-Blanco-1024x1024.png 1024w, https:\/\/geolamcr.com\/wp-content\/uploads\/2021\/12\/Geolam-Blanco-300x300.png 300w, https:\/\/geolamcr.com\/wp-content\/uploads\/2021\/12\/Geolam-Blanco-150x150.png 150w, https:\/\/geolamcr.com\/wp-content\/uploads\/2021\/12\/Geolam-Blanco-768x768.png 768w, https:\/\/geolamcr.com\/wp-content\/uploads\/2021\/12\/Geolam-Blanco-1536x1536.png 1536w, https:\/\/geolamcr.com\/wp-content\/uploads\/2021\/12\/Geolam-Blanco-12x12.png 12w, https:\/\/geolamcr.com\/wp-content\/uploads\/2021\/12\/Geolam-Blanco-600x600.png 600w, https:\/\/geolamcr.com\/wp-content\/uploads\/2021\/12\/Geolam-Blanco-100x100.png 100w, https:\/\/geolamcr.com\/wp-content\/uploads\/2021\/12\/Geolam-Blanco.png 1920w\" sizes=\"(max-width: 257px) 100vw, 257px\" \/><\/noscript><figcaption><mark style=\"background-color:rgba(0, 0, 0, 0)\" class=\"has-inline-color has-nv-text-dark-bg-color\">NUESTRO EQUIPO<\/mark><\/figcaption><\/figure><\/div>\n\n\n\n<h2 class=\"has-text-align-center has-nv-site-bg-color has-text-color wp-block-heading\" id=\"ambos-profesionales-se-desarrollan-en-el-area-de-la-geologia-la-hidrogeologia-y-ademas-como-consultores-ambientales-con-el-fin-de-apoyar-sus-proyectos-y-obras-y-darles-soluciones-con-debido-compromiso-y-honestidad\">Ambos profesionales se desarrollan en el \u00e1rea de la geolog\u00eda, la hidrogeolog\u00eda y adem\u00e1s como consultores ambientales con el fin de apoyar sus proyectos y obras y darles soluciones con debido compromiso y honestidad.<\/h2>\n<\/div>\n<\/div><\/section>\n\n\n\n<section class=\"wp-block-themeisle-blocks-advanced-columns has-3-columns has-desktop-equal-layout has-tablet-equal-layout has-mobile-collapsedRows-layout has-wide-gap has-vertical-flex-start\" id=\"wp-block-themeisle-blocks-advanced-columns-683da29a\"><div class=\"wp-block-themeisle-blocks-advanced-columns-overlay\"><\/div><div class=\"innerblocks-wrap\">\n<div class=\"wp-block-themeisle-blocks-advanced-column ticss-70b0539e\" id=\"wp-block-themeisle-blocks-advanced-column-a81de827\">\n<figure class=\"wp-block-image size-full is-style-default\"><img decoding=\"async\" src=\"data:image\/gif;base64,R0lGODlhAQABAIAAAAAAAP\/\/\/yH5BAEAAAAALAAAAAABAAEAAAIBRAA7\" data-src=\"https:\/\/geolamcr.com\/wp-content\/uploads\/2021\/12\/3d78f57e-8174-4402-b54b-4f13791d6631-2.jpg\" alt=\"\" class=\"wp-image-987 lazyload\"\/><noscript><img decoding=\"async\" width=\"690\" height=\"955\" src=\"https:\/\/geolamcr.com\/wp-content\/uploads\/2021\/12\/3d78f57e-8174-4402-b54b-4f13791d6631-2.jpg\" alt=\"\" class=\"wp-image-987 lazyload\" srcset=\"https:\/\/geolamcr.com\/wp-content\/uploads\/2021\/12\/3d78f57e-8174-4402-b54b-4f13791d6631-2.jpg 690w, https:\/\/geolamcr.com\/wp-content\/uploads\/2021\/12\/3d78f57e-8174-4402-b54b-4f13791d6631-2-217x300.jpg 217w, https:\/\/geolamcr.com\/wp-content\/uploads\/2021\/12\/3d78f57e-8174-4402-b54b-4f13791d6631-2-9x12.jpg 9w, https:\/\/geolamcr.com\/wp-content\/uploads\/2021\/12\/3d78f57e-8174-4402-b54b-4f13791d6631-2-600x830.jpg 600w\" sizes=\"(max-width: 690px) 100vw, 690px\" \/><\/noscript><\/figure>\n\n\n\n<figure class=\"wp-block-pullquote is-style-default\"><blockquote><p><strong>Nazareth Torres Jim\u00e9nez<\/strong><\/p><p><cite>Cofundadora <br>Licenciada en Geolog\u00eda.<\/cite><\/p><cite>Cofundadora <br>Licenciada en Geolog\u00eda.<\/cite><\/blockquote><\/figure>\n\n\n\n<ul class=\"wp-block-list\"><li>Egresada de la Universidad de Costa Rica.<\/li><li>Incorporada ante el Colegio Ge\u00f3logos de Costa Rica con carn\u00e9 CGCR-460<\/li><li>Inscrita ante SETENA con c\u00f3digo CI-145-21<\/li><li>Cuenta con experiencia en estudios en hidrogeolog\u00eda.<\/li><li>La tesis de Licenciatura enfocada en hidrogeolog\u00eda se titula: \u201cDeterminaci\u00f3n del potencial acu\u00edfero de las cuencas costeras de la zona sur del Cant\u00f3n de Nandayure, Guanacaste, Costa Rica\u201d.<\/li><\/ul>\n\n\n\n<ul class=\"wp-block-social-links ticss-5e290ef5 is-content-justification-center is-layout-flex wp-container-core-social-links-is-layout-16018d1d wp-block-social-links-is-layout-flex\"><li class=\"wp-social-link wp-social-link-linkedin  wp-block-social-link\"><a href=\"https:\/\/cr.linkedin.com\/in\/nazareth-torres-jim%C3%A9nez-047612103\" class=\"wp-block-social-link-anchor\"><svg width=\"24\" height=\"24\" viewbox=\"0 0 24 24\" version=\"1.1\" xmlns=\"http:\/\/www.w3.org\/2000\/svg\" aria-hidden=\"true\" focusable=\"false\"><path d=\"M19.7,3H4.3C3.582,3,3,3.582,3,4.3v15.4C3,20.418,3.582,21,4.3,21h15.4c0.718,0,1.3-0.582,1.3-1.3V4.3 C21,3.582,20.418,3,19.7,3z M8.339,18.338H5.667v-8.59h2.672V18.338z M7.004,8.574c-0.857,0-1.549-0.694-1.549-1.548 c0-0.855,0.691-1.548,1.549-1.548c0.854,0,1.547,0.694,1.547,1.548C8.551,7.881,7.858,8.574,7.004,8.574z M18.339,18.338h-2.669 v-4.177c0-0.996-0.017-2.278-1.387-2.278c-1.389,0-1.601,1.086-1.601,2.206v4.249h-2.667v-8.59h2.559v1.174h0.037 c0.356-0.675,1.227-1.387,2.526-1.387c2.703,0,3.203,1.779,3.203,4.092V18.338z\"><\/path><\/svg><span class=\"wp-block-social-link-label screen-reader-text\">LinkedIn<\/span><\/a><\/li>\n\n<li class=\"wp-social-link wp-social-link-mail  wp-block-social-link\"><a href=\"mailto:ntorres@geolamcr.com\" class=\"wp-block-social-link-anchor\"><svg width=\"24\" height=\"24\" viewbox=\"0 0 24 24\" version=\"1.1\" xmlns=\"http:\/\/www.w3.org\/2000\/svg\" aria-hidden=\"true\" focusable=\"false\"><path d=\"M19,5H5c-1.1,0-2,.9-2,2v10c0,1.1.9,2,2,2h14c1.1,0,2-.9,2-2V7c0-1.1-.9-2-2-2zm.5,12c0,.3-.2.5-.5.5H5c-.3,0-.5-.2-.5-.5V9.8l7.5,5.6,7.5-5.6V17zm0-9.1L12,13.6,4.5,7.9V7c0-.3.2-.5.5-.5h14c.3,0,.5.2.5.5v.9z\"><\/path><\/svg><span class=\"wp-block-social-link-label screen-reader-text\">Correo<\/span><\/a><\/li>\n\n<li class=\"wp-social-link wp-social-link-chain  wp-block-social-link\"><a href=\"https:\/\/wa.link\/4e5pu6\" class=\"wp-block-social-link-anchor\"><svg width=\"24\" height=\"24\" viewbox=\"0 0 24 24\" version=\"1.1\" xmlns=\"http:\/\/www.w3.org\/2000\/svg\" aria-hidden=\"true\" focusable=\"false\"><path d=\"M15.6,7.2H14v1.5h1.6c2,0,3.7,1.7,3.7,3.7s-1.7,3.7-3.7,3.7H14v1.5h1.6c2.8,0,5.2-2.3,5.2-5.2,0-2.9-2.3-5.2-5.2-5.2zM4.7,12.4c0-2,1.7-3.7,3.7-3.7H10V7.2H8.4c-2.9,0-5.2,2.3-5.2,5.2,0,2.9,2.3,5.2,5.2,5.2H10v-1.5H8.4c-2,0-3.7-1.7-3.7-3.7zm4.6.9h5.3v-1.5H9.3v1.5z\"><\/path><\/svg><span class=\"wp-block-social-link-label screen-reader-text\">Whatsapp<\/span><\/a><\/li><\/ul>\n<\/div>\n\n\n\n<div class=\"wp-block-themeisle-blocks-advanced-column\" id=\"wp-block-themeisle-blocks-advanced-column-787fa0e1\"><\/div>\n\n\n\n<div class=\"wp-block-themeisle-blocks-advanced-column ticss-2974a379\" id=\"wp-block-themeisle-blocks-advanced-column-54f4b40e\">\n<figure class=\"wp-block-image size-full is-style-default\"><img decoding=\"async\" src=\"data:image\/gif;base64,R0lGODlhAQABAIAAAAAAAP\/\/\/yH5BAEAAAAALAAAAAABAAEAAAIBRAA7\" data-src=\"https:\/\/geolamcr.com\/wp-content\/uploads\/2021\/12\/4e66970d-581c-4bc1-a3ee-41a058bcbcc8-2.jpg\" alt=\"\" class=\"wp-image-994 lazyload\"\/><noscript><img loading=\"lazy\" decoding=\"async\" width=\"610\" height=\"852\" src=\"https:\/\/geolamcr.com\/wp-content\/uploads\/2021\/12\/4e66970d-581c-4bc1-a3ee-41a058bcbcc8-2.jpg\" alt=\"\" class=\"wp-image-994 lazyload\" srcset=\"https:\/\/geolamcr.com\/wp-content\/uploads\/2021\/12\/4e66970d-581c-4bc1-a3ee-41a058bcbcc8-2.jpg 610w, https:\/\/geolamcr.com\/wp-content\/uploads\/2021\/12\/4e66970d-581c-4bc1-a3ee-41a058bcbcc8-2-215x300.jpg 215w, https:\/\/geolamcr.com\/wp-content\/uploads\/2021\/12\/4e66970d-581c-4bc1-a3ee-41a058bcbcc8-2-9x12.jpg 9w, https:\/\/geolamcr.com\/wp-content\/uploads\/2021\/12\/4e66970d-581c-4bc1-a3ee-41a058bcbcc8-2-600x838.jpg 600w\" sizes=\"(max-width: 610px) 100vw, 610px\" \/><\/noscript><\/figure>\n\n\n\n<figure class=\"wp-block-pullquote is-style-default\"><blockquote><p><strong>Allan Sanabria Jim\u00e9nez<\/strong><\/p><p><cite>Cofundador<br>Bachiller en Geolog\u00eda<\/cite><\/p><cite>Cofundador<br>Bachiller en Geolog\u00eda<\/cite><\/blockquote><\/figure>\n\n\n\n<ul class=\"wp-block-list\"><li>Egresado de la Universidad de Costa Rica<\/li><li>Incorporado ante el Colegio Ge\u00f3logos de Costa Rica con carn\u00e9 CGCR-461<\/li><li>Actualmente se encuentra en desarrollo de su tesis de Licenciatura en el \u00e1rea de Cariari, Pococ\u00ed, en la provincia de Lim\u00f3n.<\/li><\/ul>\n\n\n\n<hr class=\"wp-block-separator has-text-color has-background has-nv-site-bg-background-color has-nv-site-bg-color\"\/>\n\n\n\n<hr class=\"wp-block-separator has-text-color has-background has-nv-site-bg-background-color has-nv-site-bg-color\"\/>\n\n\n\n<ul class=\"wp-block-social-links ticss-e4c87b2c is-content-justification-center is-layout-flex wp-container-core-social-links-is-layout-16018d1d wp-block-social-links-is-layout-flex\"><li class=\"wp-social-link wp-social-link-linkedin  wp-block-social-link\"><a href=\"https:\/\/cr.linkedin.com\/in\/nazareth-torres-jim%C3%A9nez-047612103\" class=\"wp-block-social-link-anchor\"><svg width=\"24\" height=\"24\" viewbox=\"0 0 24 24\" version=\"1.1\" xmlns=\"http:\/\/www.w3.org\/2000\/svg\" aria-hidden=\"true\" focusable=\"false\"><path d=\"M19.7,3H4.3C3.582,3,3,3.582,3,4.3v15.4C3,20.418,3.582,21,4.3,21h15.4c0.718,0,1.3-0.582,1.3-1.3V4.3 C21,3.582,20.418,3,19.7,3z M8.339,18.338H5.667v-8.59h2.672V18.338z M7.004,8.574c-0.857,0-1.549-0.694-1.549-1.548 c0-0.855,0.691-1.548,1.549-1.548c0.854,0,1.547,0.694,1.547,1.548C8.551,7.881,7.858,8.574,7.004,8.574z M18.339,18.338h-2.669 v-4.177c0-0.996-0.017-2.278-1.387-2.278c-1.389,0-1.601,1.086-1.601,2.206v4.249h-2.667v-8.59h2.559v1.174h0.037 c0.356-0.675,1.227-1.387,2.526-1.387c2.703,0,3.203,1.779,3.203,4.092V18.338z\"><\/path><\/svg><span class=\"wp-block-social-link-label screen-reader-text\">LinkedIn<\/span><\/a><\/li>\n\n<li class=\"wp-social-link wp-social-link-mail  wp-block-social-link\"><a href=\"mailto:asanabria@geolamcr.com\" class=\"wp-block-social-link-anchor\"><svg width=\"24\" height=\"24\" viewbox=\"0 0 24 24\" version=\"1.1\" xmlns=\"http:\/\/www.w3.org\/2000\/svg\" aria-hidden=\"true\" focusable=\"false\"><path d=\"M19,5H5c-1.1,0-2,.9-2,2v10c0,1.1.9,2,2,2h14c1.1,0,2-.9,2-2V7c0-1.1-.9-2-2-2zm.5,12c0,.3-.2.5-.5.5H5c-.3,0-.5-.2-.5-.5V9.8l7.5,5.6,7.5-5.6V17zm0-9.1L12,13.6,4.5,7.9V7c0-.3.2-.5.5-.5h14c.3,0,.5.2.5.5v.9z\"><\/path><\/svg><span class=\"wp-block-social-link-label screen-reader-text\">Mail<\/span><\/a><\/li>\n\n<li class=\"wp-social-link wp-social-link-chain  wp-block-social-link\"><a href=\"https:\/\/wa.link\/6i1cv5\" class=\"wp-block-social-link-anchor\"><svg width=\"24\" height=\"24\" viewbox=\"0 0 24 24\" version=\"1.1\" xmlns=\"http:\/\/www.w3.org\/2000\/svg\" aria-hidden=\"true\" focusable=\"false\"><path d=\"M15.6,7.2H14v1.5h1.6c2,0,3.7,1.7,3.7,3.7s-1.7,3.7-3.7,3.7H14v1.5h1.6c2.8,0,5.2-2.3,5.2-5.2,0-2.9-2.3-5.2-5.2-5.2zM4.7,12.4c0-2,1.7-3.7,3.7-3.7H10V7.2H8.4c-2.9,0-5.2,2.3-5.2,5.2,0,2.9,2.3,5.2,5.2,5.2H10v-1.5H8.4c-2,0-3.7-1.7-3.7-3.7zm4.6.9h5.3v-1.5H9.3v1.5z\"><\/path><\/svg><span class=\"wp-block-social-link-label screen-reader-text\">Whatsapp<\/span><\/a><\/li><\/ul>\n<\/div>\n<\/div><\/section>\n<\/div>\n<\/div><\/section>\n\n\n\n<div class=\"wp-block-image is-style-default\"><figure class=\"aligncenter size-large is-resized\"><img loading=\"lazy\" decoding=\"async\" src=\"data:image\/gif;base64,R0lGODlhAQABAIAAAAAAAP\/\/\/yH5BAEAAAAALAAAAAABAAEAAAIBRAA7\" data-src=\"https:\/\/geolamcr.com\/wp-content\/uploads\/2021\/12\/Geolam-1024x1024.png\" alt=\"\" class=\"wp-image-835 lazyload\" width=\"100\" height=\"100\"\/><noscript><img loading=\"lazy\" decoding=\"async\" src=\"https:\/\/geolamcr.com\/wp-content\/uploads\/2021\/12\/Geolam-1024x1024.png\" alt=\"\" class=\"wp-image-835 lazyload\" width=\"100\" height=\"100\" srcset=\"https:\/\/geolamcr.com\/wp-content\/uploads\/2021\/12\/Geolam-1024x1024.png 1024w, https:\/\/geolamcr.com\/wp-content\/uploads\/2021\/12\/Geolam-300x300.png 300w, https:\/\/geolamcr.com\/wp-content\/uploads\/2021\/12\/Geolam-150x150.png 150w, https:\/\/geolamcr.com\/wp-content\/uploads\/2021\/12\/Geolam-768x768.png 768w, https:\/\/geolamcr.com\/wp-content\/uploads\/2021\/12\/Geolam-1536x1536.png 1536w, https:\/\/geolamcr.com\/wp-content\/uploads\/2021\/12\/Geolam-12x12.png 12w, https:\/\/geolamcr.com\/wp-content\/uploads\/2021\/12\/Geolam-600x600.png 600w, https:\/\/geolamcr.com\/wp-content\/uploads\/2021\/12\/Geolam-100x100.png 100w, https:\/\/geolamcr.com\/wp-content\/uploads\/2021\/12\/Geolam.png 1920w\" sizes=\"(max-width: 100px) 100vw, 100px\" \/><\/noscript><\/figure><\/div>\n\n\n\n<hr class=\"wp-block-separator has-text-color has-background has-nv-site-bg-background-color has-nv-site-bg-color\"\/>","protected":false},"excerpt":{"rendered":"","protected":false},"author":1,"featured_media":0,"parent":0,"menu_order":0,"comment_status":"closed","ping_status":"closed","template":"page-templates\/template-pagebuilder-full-width.php","meta":{"content-type":"","om_disable_all_campaigns":false,"_mi_skip_tracking":false,"neve_meta_sidebar":"full-width","neve_meta_container":"full-width","neve_meta_enable_content_width":"off","neve_meta_content_width":0,"neve_meta_title_alignment":"","neve_meta_author_avatar":"","neve_post_elements_order":"","neve_meta_disable_header":"","neve_meta_disable_footer":"","neve_meta_disable_title":"on","_themeisle_gutenberg_block_has_review":false,"_ti_tpc_template_sync":false,"_ti_tpc_template_id":"8q0u99m9z4hq6emc0s6a","footnotes":""},"class_list":["post-1212","page","type-page","status-publish","hentry"],"aioseo_notices":[],"_links":{"self":[{"href":"https:\/\/geolamcr.com\/en\/wp-json\/wp\/v2\/pages\/1212","targetHints":{"allow":["GET"]}}],"collection":[{"href":"https:\/\/geolamcr.com\/en\/wp-json\/wp\/v2\/pages"}],"about":[{"href":"https:\/\/geolamcr.com\/en\/wp-json\/wp\/v2\/types\/page"}],"author":[{"embeddable":true,"href":"https:\/\/geolamcr.com\/en\/wp-json\/wp\/v2\/users\/1"}],"replies":[{"embeddable":true,"href":"https:\/\/geolamcr.com\/en\/wp-json\/wp\/v2\/comments?post=1212"}],"version-history":[{"count":55,"href":"https:\/\/geolamcr.com\/en\/wp-json\/wp\/v2\/pages\/1212\/revisions"}],"predecessor-version":[{"id":1466,"href":"https:\/\/geolamcr.com\/en\/wp-json\/wp\/v2\/pages\/1212\/revisions\/1466"}],"wp:attachment":[{"href":"https:\/\/geolamcr.com\/en\/wp-json\/wp\/v2\/media?parent=1212"}],"curies":[{"name":"wp","href":"https:\/\/api.w.org\/{rel}","templated":true}]}}