{"id":786,"date":"2019-02-11T15:11:13","date_gmt":"2019-02-11T15:11:13","guid":{"rendered":"https:\/\/demosites.io\/onboarding-gutenberg\/?page_id=645"},"modified":"2022-01-29T04:02:07","modified_gmt":"2022-01-29T04:02:07","slug":"5b349-home","status":"publish","type":"page","link":"https:\/\/geolamcr.com\/en\/","title":{"rendered":"Inicio"},"content":{"rendered":"<div class=\"wp-block-themeisle-blocks-advanced-columns alignfull has-1-columns has-desktop-equal-layout has-tablet-equal-layout has-mobile-equal-layout has-nogap-gap has-vertical-center\" id=\"wp-block-themeisle-blocks-advanced-columns-af1635f9\"><div class=\"wp-block-themeisle-blocks-advanced-columns-overlay\"><\/div><div class=\"innerblocks-wrap\">\n<div class=\"wp-block-themeisle-blocks-advanced-column\" id=\"wp-block-themeisle-blocks-advanced-column-afacdff0\">\n<div class=\"wp-block-image\"><figure class=\"aligncenter size-large is-resized\"><img fetchpriority=\"high\" decoding=\"async\" src=\"data:image\/gif;base64,R0lGODlhAQABAIAAAAAAAP\/\/\/yH5BAEAAAAALAAAAAABAAEAAAIBRAA7\" data-src=\"https:\/\/geolamcr.com\/wp-content\/uploads\/2021\/12\/Geolam-Blanco-1024x1024.png\" alt=\"\" class=\"wp-image-866 lazyload\" width=\"512\" height=\"512\"\/><noscript><img decoding=\"async\" src=\"https:\/\/geolamcr.com\/wp-content\/uploads\/2021\/12\/Geolam-Blanco-1024x1024.png\" alt=\"\" class=\"wp-image-866 lazyload\" width=\"512\" height=\"512\" srcset=\"https:\/\/geolamcr.com\/wp-content\/uploads\/2021\/12\/Geolam-Blanco-1024x1024.png 1024w, https:\/\/geolamcr.com\/wp-content\/uploads\/2021\/12\/Geolam-Blanco-300x300.png 300w, https:\/\/geolamcr.com\/wp-content\/uploads\/2021\/12\/Geolam-Blanco-150x150.png 150w, https:\/\/geolamcr.com\/wp-content\/uploads\/2021\/12\/Geolam-Blanco-768x768.png 768w, https:\/\/geolamcr.com\/wp-content\/uploads\/2021\/12\/Geolam-Blanco-1536x1536.png 1536w, https:\/\/geolamcr.com\/wp-content\/uploads\/2021\/12\/Geolam-Blanco-12x12.png 12w, https:\/\/geolamcr.com\/wp-content\/uploads\/2021\/12\/Geolam-Blanco-600x600.png 600w, https:\/\/geolamcr.com\/wp-content\/uploads\/2021\/12\/Geolam-Blanco-100x100.png 100w, https:\/\/geolamcr.com\/wp-content\/uploads\/2021\/12\/Geolam-Blanco.png 1920w\" sizes=\"(max-width: 512px) 100vw, 512px\" \/><\/noscript><\/figure><\/div>\n\n\n\n<h1 id=\"wp-block-themeisle-blocks-advanced-heading-a475539e\" class=\"wp-block-themeisle-blocks-advanced-heading wp-block-themeisle-blocks-advanced-heading-a475539e\">Acompa\u00f1amos y asesoramos  el avance de su obra,  garantizando el uso eficiente sus recursos.<\/h1>\n\n\n\n<div id=\"wp-block-themeisle-blocks-button-group-9a8654eb\" class=\"wp-block-themeisle-blocks-button-group collapse-mobile wp-block-buttons align-center\">\n<div id=\"wp-block-themeisle-blocks-button-daa24c9a\" class=\"wp-block-themeisle-blocks-button wp-block-button\"><a href=\"https:\/\/geolamcr.com\/en\/nuestro-equipo\/\" target=\"_self\" rel=\"noopener noreferrer\" class=\"wp-block-button__link\"><span>conozca Nuestro equipo<\/span><\/a><\/div>\n<\/div>\n<\/div>\n<\/div><\/div>\n\n\n\n<div class=\"wp-block-themeisle-blocks-advanced-columns has-2-columns has-desktop-equal-layout has-tablet-collapsedRows-layout has-mobile-collapsedRows-layout has-nogap-gap has-vertical-center\" id=\"about\"><div class=\"wp-block-themeisle-blocks-advanced-columns-overlay\"><\/div><div class=\"innerblocks-wrap\">\n<div class=\"wp-block-themeisle-blocks-advanced-column\" id=\"wp-block-themeisle-blocks-advanced-column-74ac39ec\">\n<div class=\"wp-block-themeisle-blocks-advanced-columns has-1-columns has-desktop-equal-layout hide-in-tablet hide-in-mobile has-default-gap has-vertical-unset\" id=\"wp-block-themeisle-blocks-advanced-columns-3bc3d864\"><div class=\"wp-block-themeisle-blocks-advanced-columns-overlay\"><\/div><div class=\"innerblocks-wrap\">\n<div class=\"wp-block-themeisle-blocks-advanced-column\" id=\"wp-block-themeisle-blocks-advanced-column-3ac7b322\">\n<div class=\"wp-block-image\"><figure class=\"aligncenter size-full is-resized\"><img decoding=\"async\" src=\"data:image\/gif;base64,R0lGODlhAQABAIAAAAAAAP\/\/\/yH5BAEAAAAALAAAAAABAAEAAAIBRAA7\" data-src=\"https:\/\/geolamcr.com\/wp-content\/uploads\/2021\/12\/mg_15175cfeb546ae35a-2.jpg\" alt=\"\" class=\"wp-image-1146 lazyload\" width=\"744\" height=\"1023\"\/><noscript><img loading=\"lazy\" decoding=\"async\" src=\"https:\/\/geolamcr.com\/wp-content\/uploads\/2021\/12\/mg_15175cfeb546ae35a-2.jpg\" alt=\"\" class=\"wp-image-1146 lazyload\" width=\"744\" height=\"1023\" srcset=\"https:\/\/geolamcr.com\/wp-content\/uploads\/2021\/12\/mg_15175cfeb546ae35a-2.jpg 519w, https:\/\/geolamcr.com\/wp-content\/uploads\/2021\/12\/mg_15175cfeb546ae35a-2-218x300.jpg 218w, https:\/\/geolamcr.com\/wp-content\/uploads\/2021\/12\/mg_15175cfeb546ae35a-2-9x12.jpg 9w\" sizes=\"(max-width: 744px) 100vw, 744px\" \/><\/noscript><\/figure><\/div>\n<\/div>\n<\/div><\/div>\n<\/div>\n\n\n\n<div class=\"wp-block-themeisle-blocks-advanced-column about-content animated fadeInRight slow\" id=\"wp-block-themeisle-blocks-advanced-column-6782e6de\">\n<div id=\"wp-block-themeisle-blocks-advanced-heading-551e189a\" class=\"wp-block-themeisle-blocks-advanced-heading wp-block-themeisle-blocks-advanced-heading-551e189a\">GEOLAM<\/div>\n\n\n\n<h2 id=\"wp-block-themeisle-blocks-advanced-heading-c2ca70b2\" class=\"wp-block-themeisle-blocks-advanced-heading wp-block-themeisle-blocks-advanced-heading-c2ca70b2\">Sobre<br>Nosotros.<\/h2>\n\n\n\n<p id=\"wp-block-themeisle-blocks-advanced-heading-4b9bd6e8\" class=\"wp-block-themeisle-blocks-advanced-heading wp-block-themeisle-blocks-advanced-heading-4b9bd6e8\"><br>Geolam nace con el fin de efectuar labores encaminadas al uso adecuado de los recursos naturales, (agua, suelo, aire, recursos minerales entre otros), aplicando el conocimiento geol\u00f3gico de manera responsable para que exista un equilibrio entre el medio ambiente y sus proyectos sean estos constructivos, agr\u00edcolas, ganaderos, tur\u00edsticos, mineros y cualquier actividad econ\u00f3mica que impacte a este.<br>Nuestra consultor\u00eda geol\u00f3gica y ambiental le acompa\u00f1a y asesora en sus proyectos y garantiza el compromiso y responsabilidad para el cumplimiento de las normas y leyes ambientales que se deben seguir para cuidar el entorno ambiental y social en cada una de sus obras.<\/p>\n<\/div>\n<\/div><\/div>\n\n\n\n<p><\/p>\n\n\n\n<div class=\"wp-block-themeisle-blocks-advanced-columns alignfull has-1-columns has-desktop-equal-layout has-tablet-equal-layout has-mobile-equal-layout has-nogap-gap has-vertical-unset\" id=\"focus\"><div class=\"wp-block-themeisle-blocks-advanced-columns-overlay\"><\/div><div class=\"innerblocks-wrap\">\n<div class=\"wp-block-themeisle-blocks-advanced-column\" id=\"wp-block-themeisle-blocks-advanced-column-4e76066d\">\n<h2 id=\"wp-block-themeisle-blocks-advanced-heading-ce1ee7ee\" class=\"wp-block-themeisle-blocks-advanced-heading wp-block-themeisle-blocks-advanced-heading-ce1ee7ee\">Servicios<\/h2>\n\n\n\n<h2 id=\"wp-block-themeisle-blocks-advanced-heading-bcc3d025\" class=\"wp-block-themeisle-blocks-advanced-heading wp-block-themeisle-blocks-advanced-heading-bcc3d025\">Nuestras<br>especialidades<\/h2>\n\n\n\n<div class=\"wp-block-themeisle-blocks-advanced-columns has-4-columns has-desktop-equal-layout has-tablet-twoColumnGrid-layout has-mobile-collapsedRows-layout has-extended-gap has-vertical-unset\" id=\"wp-block-themeisle-blocks-advanced-columns-cde654fc\"><div class=\"wp-block-themeisle-blocks-advanced-columns-overlay\"><\/div><div class=\"innerblocks-wrap\">\n<div class=\"wp-block-themeisle-blocks-advanced-column animated fadeInLeft slow\" id=\"wp-block-themeisle-blocks-advanced-column-0965bd3a\">\n<div class=\"wp-block-themeisle-blocks-service\">\n<p class=\"wp-block-themeisle-blocks-font-awesome-icons\" id=\"wp-block-themeisle-blocks-font-awesome-icons-2ec85c9d\"><span class=\"wp-block-themeisle-blocks-font-awesome-icons-container\"><i class=\"fab fa-pagelines\"><\/i><\/span><\/p>\n\n\n\n<h5 id=\"wp-block-themeisle-blocks-advanced-heading-1c9dba41\" class=\"wp-block-themeisle-blocks-advanced-heading wp-block-themeisle-blocks-advanced-heading-1c9dba41\"><a href=\"https:\/\/geolamcr.com\/en\/servicios\/#geologia-ambiental\" title=\"Geolog\u00eda Ambiental\">Geolog\u00eda Ambiental<\/a><\/h5>\n<\/div>\n<\/div>\n\n\n\n<div class=\"wp-block-themeisle-blocks-advanced-column animated fadeInDown slow\" id=\"wp-block-themeisle-blocks-advanced-column-2ff8a382\">\n<div class=\"wp-block-themeisle-blocks-service\">\n<p class=\"wp-block-themeisle-blocks-font-awesome-icons\" id=\"wp-block-themeisle-blocks-font-awesome-icons-17ea0cb3\"><span class=\"wp-block-themeisle-blocks-font-awesome-icons-container\"><i class=\"fas fa-hand-holding-water\"><\/i><\/span><\/p>\n\n\n\n<h5 id=\"wp-block-themeisle-blocks-advanced-heading-cdbd7c0b\" class=\"wp-block-themeisle-blocks-advanced-heading wp-block-themeisle-blocks-advanced-heading-cdbd7c0b\"><a href=\"https:\/\/geolamcr.com\/en\/servicios\/#hidrogeologia\" title=\"Hidrogeolog\u00eda\">Hidrogeolog\u00eda<\/a><\/h5>\n<\/div>\n<\/div>\n\n\n\n<div class=\"wp-block-themeisle-blocks-advanced-column animated fadeInUp slow\" id=\"wp-block-themeisle-blocks-advanced-column-2e34cb38\">\n<div class=\"wp-block-themeisle-blocks-service\">\n<p class=\"wp-block-themeisle-blocks-font-awesome-icons\" id=\"wp-block-themeisle-blocks-font-awesome-icons-66b81b1f\"><span class=\"wp-block-themeisle-blocks-font-awesome-icons-container\"><i class=\"fas fa-mountain\"><\/i><\/span><\/p>\n\n\n\n<h5 id=\"wp-block-themeisle-blocks-advanced-heading-be592819\" class=\"wp-block-themeisle-blocks-advanced-heading wp-block-themeisle-blocks-advanced-heading-be592819\"><a href=\"https:\/\/geolamcr.com\/en\/servicios\/#geologia\" title=\"Geolog\u00eda\">Geolog\u00eda<\/a><\/h5>\n<\/div>\n<\/div>\n\n\n\n<div class=\"wp-block-themeisle-blocks-advanced-column animated fadeInRight slow\" id=\"wp-block-themeisle-blocks-advanced-column-697d2cf4\">\n<div class=\"wp-block-themeisle-blocks-service\">\n<p class=\"wp-block-themeisle-blocks-font-awesome-icons\" id=\"wp-block-themeisle-blocks-font-awesome-icons-e2d97a70\"><span class=\"wp-block-themeisle-blocks-font-awesome-icons-container\"><i class=\"fas fa-bong\"><\/i><\/span><\/p>\n\n\n\n<h5 id=\"wp-block-themeisle-blocks-advanced-heading-41d1996f\" class=\"wp-block-themeisle-blocks-advanced-heading wp-block-themeisle-blocks-advanced-heading-41d1996f\"><a href=\"https:\/\/geolamcr.com\/en\/servicios\/#mineria\" title=\"Miner\u00eda\">Miner\u00eda<\/a><\/h5>\n<\/div>\n<\/div>\n<\/div><\/div>\n<\/div>\n<\/div><\/div>\n\n\n\n<p><\/p>","protected":false},"excerpt":{"rendered":"","protected":false},"author":1,"featured_media":0,"parent":0,"menu_order":0,"comment_status":"closed","ping_status":"closed","template":"page-templates\/template-pagebuilder-full-width.php","meta":{"content-type":"","om_disable_all_campaigns":false,"_mi_skip_tracking":false,"neve_meta_sidebar":"full-width","neve_meta_container":"full-width","neve_meta_enable_content_width":"off","neve_meta_content_width":0,"neve_meta_title_alignment":"","neve_meta_author_avatar":"","neve_post_elements_order":"","neve_meta_disable_header":"","neve_meta_disable_footer":"","neve_meta_disable_title":"on","_themeisle_gutenberg_block_has_review":false,"_ti_tpc_template_sync":false,"_ti_tpc_template_id":"8q0u99m9z4hq6emc0s6a","footnotes":""},"class_list":["post-786","page","type-page","status-publish","hentry"],"aioseo_notices":[],"_links":{"self":[{"href":"https:\/\/geolamcr.com\/en\/wp-json\/wp\/v2\/pages\/786","targetHints":{"allow":["GET"]}}],"collection":[{"href":"https:\/\/geolamcr.com\/en\/wp-json\/wp\/v2\/pages"}],"about":[{"href":"https:\/\/geolamcr.com\/en\/wp-json\/wp\/v2\/types\/page"}],"author":[{"embeddable":true,"href":"https:\/\/geolamcr.com\/en\/wp-json\/wp\/v2\/users\/1"}],"replies":[{"embeddable":true,"href":"https:\/\/geolamcr.com\/en\/wp-json\/wp\/v2\/comments?post=786"}],"version-history":[{"count":82,"href":"https:\/\/geolamcr.com\/en\/wp-json\/wp\/v2\/pages\/786\/revisions"}],"predecessor-version":[{"id":1456,"href":"https:\/\/geolamcr.com\/en\/wp-json\/wp\/v2\/pages\/786\/revisions\/1456"}],"wp:attachment":[{"href":"https:\/\/geolamcr.com\/en\/wp-json\/wp\/v2\/media?parent=786"}],"curies":[{"name":"wp","href":"https:\/\/api.w.org\/{rel}","templated":true}]}}